{"id":1792,"date":"2026-05-01T15:45:22","date_gmt":"2026-05-01T15:45:22","guid":{"rendered":"https:\/\/bonjour-mamie.fr\/?page_id=1792"},"modified":"2026-05-01T16:04:57","modified_gmt":"2026-05-01T16:04:57","slug":"services-2","status":"publish","type":"page","link":"https:\/\/bonjour-mamie.fr\/?page_id=1792","title":{"rendered":"Services"},"content":{"rendered":"\t\t<div data-elementor-type=\"wp-page\" data-elementor-id=\"1792\" class=\"elementor elementor-1792\">\n\t\t\t\t<div class=\"elementor-element elementor-element-yzw8ic9 e-flex e-con-boxed e-con e-parent\" data-id=\"yzw8ic9\" data-element_type=\"container\" data-e-type=\"container\" data-settings=\"{&quot;background_background&quot;:&quot;classic&quot;}\">\n\t\t\t\t\t<div class=\"e-con-inner\">\n\t\t<div class=\"elementor-element elementor-element-78a3b1e e-con-full e-flex e-con e-child\" data-id=\"78a3b1e\" data-element_type=\"container\" data-e-type=\"container\">\n\t\t\t\t<div class=\"elementor-element elementor-element-7c39176 elementor-widget elementor-widget-hfe-infocard\" data-id=\"7c39176\" data-element_type=\"widget\" data-e-type=\"widget\" data-widget_type=\"hfe-infocard.default\">\n\t\t\t\t<div class=\"elementor-widget-container\">\n\t\t\t\t\t\n\t\t<div class=\"hfe-infocard\">\n\t\t\t\t\t\t\t\t\t<div class=\"hfe-infocard-title-wrap\">\n\t\t\t\t<h1 class=\"hfe-infocard-title elementor-inline-editing\" data-elementor-setting-key=\"infocard_title\" data-elementor-inline-editing-toolbar=\"basic\" >Nos services<\/h1>\t\t\t<\/div>\n\t\t\t\t\t\t<div class=\"hfe-infocard-text-wrap\">\n\t\t\t\t<div class=\"hfe-infocard-text elementor-inline-editing\" data-elementor-setting-key=\"infocard_description\" data-elementor-inline-editing-toolbar=\"advanced\">\n\t\t\t\t\tDes prestations r\u00e9alis\u00e9es avec soin pour entretenir et pr\u00e9server les s\u00e9pultures dans le respect et la discr\u00e9tion.\t\t\t\t<\/div>\n\t\t\t\t\t\t\t<\/div>\n\t\t<\/div>\n\n\t\t\t\t\t\t<\/div>\n\t\t\t\t<\/div>\n\t\t\t\t<\/div>\n\t\t\t\t\t<\/div>\n\t\t\t\t<\/div>\n\t\t<div class=\"elementor-element elementor-element-53c37fc0 e-con-full e-flex e-con e-parent\" data-id=\"53c37fc0\" data-element_type=\"container\" data-e-type=\"container\" data-settings=\"{&quot;background_background&quot;:&quot;classic&quot;}\">\n\t\t<div class=\"elementor-element elementor-element-4d53b20a e-con-full e-flex e-con e-child\" data-id=\"4d53b20a\" data-element_type=\"container\" data-e-type=\"container\">\n\t\t\t\t<div class=\"elementor-element elementor-element-2dd93111 elementor-widget elementor-widget-heading\" data-id=\"2dd93111\" data-element_type=\"widget\" data-e-type=\"widget\" data-widget_type=\"heading.default\">\n\t\t\t\t<div class=\"elementor-widget-container\">\n\t\t\t\t\t<h2 class=\"elementor-heading-title elementor-size-default\">Nettoyage<\/h2>\t\t\t\t<\/div>\n\t\t\t\t<\/div>\n\t\t\t\t<div class=\"elementor-element elementor-element-2ff2f82b elementor-widget elementor-widget-text-editor\" data-id=\"2ff2f82b\" data-element_type=\"widget\" data-e-type=\"widget\" data-widget_type=\"text-editor.default\">\n\t\t\t\t<div class=\"elementor-widget-container\">\n\t\t\t\t\t\t\t\t\t<p>Nettoyage complet de la s\u00e9pulture : pierre, plaque et ornements, afin de redonner propret\u00e9 et \u00e9clat tout en respectant les mat\u00e9riaux.<\/p>\t\t\t\t\t\t\t\t<\/div>\n\t\t\t\t<\/div>\n\t\t\t\t<\/div>\n\t\t<div class=\"elementor-element elementor-element-71f056f9 e-con-full e-flex e-con e-child\" data-id=\"71f056f9\" data-element_type=\"container\" data-e-type=\"container\">\n\t\t\t\t<div class=\"elementor-element elementor-element-2913218c elementor-widget elementor-widget-image\" data-id=\"2913218c\" data-element_type=\"widget\" data-e-type=\"widget\" data-widget_type=\"image.default\">\n\t\t\t\t<div class=\"elementor-widget-container\">\n\t\t\t\t\t\t\t\t\t\t\t\t\t\t\t<img fetchpriority=\"high\" decoding=\"async\" width=\"1024\" height=\"1024\" src=\"https:\/\/bonjour-mamie.fr\/wp-content\/uploads\/2026\/05\/ChatGPT-Image-May-1-2026-at-02_03_09-PM-1024x1024.png\" class=\"attachment-large size-large wp-image-1716\" alt=\"\" srcset=\"https:\/\/bonjour-mamie.fr\/wp-content\/uploads\/2026\/05\/ChatGPT-Image-May-1-2026-at-02_03_09-PM-1024x1024.png 1024w, https:\/\/bonjour-mamie.fr\/wp-content\/uploads\/2026\/05\/ChatGPT-Image-May-1-2026-at-02_03_09-PM-300x300.png 300w, https:\/\/bonjour-mamie.fr\/wp-content\/uploads\/2026\/05\/ChatGPT-Image-May-1-2026-at-02_03_09-PM-150x150.png 150w, https:\/\/bonjour-mamie.fr\/wp-content\/uploads\/2026\/05\/ChatGPT-Image-May-1-2026-at-02_03_09-PM-768x768.png 768w, https:\/\/bonjour-mamie.fr\/wp-content\/uploads\/2026\/05\/ChatGPT-Image-May-1-2026-at-02_03_09-PM.png 1254w\" sizes=\"(max-width: 1024px) 100vw, 1024px\" \/>\t\t\t\t\t\t\t\t\t\t\t\t\t\t\t<\/div>\n\t\t\t\t<\/div>\n\t\t\t\t<\/div>\n\t\t\t\t<\/div>\n\t\t<div class=\"elementor-element elementor-element-6023b820 e-con-full e-flex e-con e-parent\" data-id=\"6023b820\" data-element_type=\"container\" data-e-type=\"container\" data-settings=\"{&quot;background_background&quot;:&quot;classic&quot;}\">\n\t\t<div class=\"elementor-element elementor-element-10c0548c e-con-full e-flex e-con e-child\" data-id=\"10c0548c\" data-element_type=\"container\" data-e-type=\"container\">\n\t\t\t\t<div class=\"elementor-element elementor-element-5503586f elementor-widget elementor-widget-heading\" data-id=\"5503586f\" data-element_type=\"widget\" data-e-type=\"widget\" data-widget_type=\"heading.default\">\n\t\t\t\t<div class=\"elementor-widget-container\">\n\t\t\t\t\t<h2 class=\"elementor-heading-title elementor-size-default\">D\u00e9sherbage<\/h2>\t\t\t\t<\/div>\n\t\t\t\t<\/div>\n\t\t\t\t<div class=\"elementor-element elementor-element-7b715eaa elementor-widget elementor-widget-text-editor\" data-id=\"7b715eaa\" data-element_type=\"widget\" data-e-type=\"widget\" data-widget_type=\"text-editor.default\">\n\t\t\t\t<div class=\"elementor-widget-container\">\n\t\t\t\t\t\t\t\t\t<p>Retrait soigneux des mauvaises herbes autour de la s\u00e9pulture pour pr\u00e9server un espace propre, ordonn\u00e9 et respectueux.<\/p>\t\t\t\t\t\t\t\t<\/div>\n\t\t\t\t<\/div>\n\t\t\t\t<\/div>\n\t\t<div class=\"elementor-element elementor-element-4b2349cb e-con-full e-flex e-con e-child\" data-id=\"4b2349cb\" data-element_type=\"container\" data-e-type=\"container\">\n\t\t\t\t<div class=\"elementor-element elementor-element-34214e08 elementor-widget elementor-widget-image\" data-id=\"34214e08\" data-element_type=\"widget\" data-e-type=\"widget\" data-widget_type=\"image.default\">\n\t\t\t\t<div class=\"elementor-widget-container\">\n\t\t\t\t\t\t\t\t\t\t\t\t\t\t\t<img decoding=\"async\" width=\"1024\" height=\"1024\" src=\"https:\/\/bonjour-mamie.fr\/wp-content\/uploads\/2026\/05\/ChatGPT-Image-May-1-2026-at-02_02_47-PM-1-1024x1024.png\" class=\"attachment-large size-large wp-image-1719\" alt=\"\" srcset=\"https:\/\/bonjour-mamie.fr\/wp-content\/uploads\/2026\/05\/ChatGPT-Image-May-1-2026-at-02_02_47-PM-1-1024x1024.png 1024w, https:\/\/bonjour-mamie.fr\/wp-content\/uploads\/2026\/05\/ChatGPT-Image-May-1-2026-at-02_02_47-PM-1-300x300.png 300w, https:\/\/bonjour-mamie.fr\/wp-content\/uploads\/2026\/05\/ChatGPT-Image-May-1-2026-at-02_02_47-PM-1-150x150.png 150w, https:\/\/bonjour-mamie.fr\/wp-content\/uploads\/2026\/05\/ChatGPT-Image-May-1-2026-at-02_02_47-PM-1-768x768.png 768w, https:\/\/bonjour-mamie.fr\/wp-content\/uploads\/2026\/05\/ChatGPT-Image-May-1-2026-at-02_02_47-PM-1.png 1254w\" sizes=\"(max-width: 1024px) 100vw, 1024px\" \/>\t\t\t\t\t\t\t\t\t\t\t\t\t\t\t<\/div>\n\t\t\t\t<\/div>\n\t\t\t\t<\/div>\n\t\t\t\t<\/div>\n\t\t<div class=\"elementor-element elementor-element-6ebc85b7 e-con-full e-flex e-con e-parent\" data-id=\"6ebc85b7\" data-element_type=\"container\" data-e-type=\"container\" data-settings=\"{&quot;background_background&quot;:&quot;classic&quot;}\">\n\t\t<div class=\"elementor-element elementor-element-c7fe221 e-con-full e-flex e-con e-child\" data-id=\"c7fe221\" data-element_type=\"container\" data-e-type=\"container\">\n\t\t\t\t<div class=\"elementor-element elementor-element-2386611e elementor-widget elementor-widget-heading\" data-id=\"2386611e\" data-element_type=\"widget\" data-e-type=\"widget\" data-widget_type=\"heading.default\">\n\t\t\t\t<div class=\"elementor-widget-container\">\n\t\t\t\t\t<h2 class=\"elementor-heading-title elementor-size-default\">Fleurissement<\/h2>\t\t\t\t<\/div>\n\t\t\t\t<\/div>\n\t\t\t\t<div class=\"elementor-element elementor-element-581a198c elementor-widget elementor-widget-text-editor\" data-id=\"581a198c\" data-element_type=\"widget\" data-e-type=\"widget\" data-widget_type=\"text-editor.default\">\n\t\t\t\t<div class=\"elementor-widget-container\">\n\t\t\t\t\t\t\t\t\t<p>Mise en place de compositions florales adapt\u00e9es \u00e0 la saison, pour embellir la s\u00e9pulture et honorer la m\u00e9moire des proches.<\/p>\t\t\t\t\t\t\t\t<\/div>\n\t\t\t\t<\/div>\n\t\t\t\t<\/div>\n\t\t<div class=\"elementor-element elementor-element-4fd75778 e-con-full e-flex e-con e-child\" data-id=\"4fd75778\" data-element_type=\"container\" data-e-type=\"container\">\n\t\t\t\t<div class=\"elementor-element elementor-element-53454ec8 elementor-widget elementor-widget-image\" data-id=\"53454ec8\" data-element_type=\"widget\" data-e-type=\"widget\" data-widget_type=\"image.default\">\n\t\t\t\t<div class=\"elementor-widget-container\">\n\t\t\t\t\t\t\t\t\t\t\t\t\t\t\t<img decoding=\"async\" width=\"1024\" height=\"1024\" src=\"https:\/\/bonjour-mamie.fr\/wp-content\/uploads\/2026\/05\/ChatGPT-Image-May-1-2026-at-02_02_52-PM-1-1024x1024.png\" class=\"attachment-large size-large wp-image-1718\" alt=\"\" srcset=\"https:\/\/bonjour-mamie.fr\/wp-content\/uploads\/2026\/05\/ChatGPT-Image-May-1-2026-at-02_02_52-PM-1-1024x1024.png 1024w, https:\/\/bonjour-mamie.fr\/wp-content\/uploads\/2026\/05\/ChatGPT-Image-May-1-2026-at-02_02_52-PM-1-300x300.png 300w, https:\/\/bonjour-mamie.fr\/wp-content\/uploads\/2026\/05\/ChatGPT-Image-May-1-2026-at-02_02_52-PM-1-150x150.png 150w, https:\/\/bonjour-mamie.fr\/wp-content\/uploads\/2026\/05\/ChatGPT-Image-May-1-2026-at-02_02_52-PM-1-768x768.png 768w, https:\/\/bonjour-mamie.fr\/wp-content\/uploads\/2026\/05\/ChatGPT-Image-May-1-2026-at-02_02_52-PM-1.png 1254w\" sizes=\"(max-width: 1024px) 100vw, 1024px\" \/>\t\t\t\t\t\t\t\t\t\t\t\t\t\t\t<\/div>\n\t\t\t\t<\/div>\n\t\t\t\t<\/div>\n\t\t\t\t<\/div>\n\t\t<div class=\"elementor-element elementor-element-34680f2 e-con-full e-flex e-con e-parent\" data-id=\"34680f2\" data-element_type=\"container\" data-e-type=\"container\" data-settings=\"{&quot;background_background&quot;:&quot;classic&quot;}\">\n\t\t<div class=\"elementor-element elementor-element-55836b2 e-con-full e-flex e-con e-child\" data-id=\"55836b2\" data-element_type=\"container\" data-e-type=\"container\">\n\t\t\t\t<div class=\"elementor-element elementor-element-b9c1749 elementor-widget elementor-widget-heading\" data-id=\"b9c1749\" data-element_type=\"widget\" data-e-type=\"widget\" data-widget_type=\"heading.default\">\n\t\t\t\t<div class=\"elementor-widget-container\">\n\t\t\t\t\t<h2 class=\"elementor-heading-title elementor-size-default\">Rechampissage<\/h2>\t\t\t\t<\/div>\n\t\t\t\t<\/div>\n\t\t\t\t<div class=\"elementor-element elementor-element-f7bfec4 elementor-widget elementor-widget-text-editor\" data-id=\"f7bfec4\" data-element_type=\"widget\" data-e-type=\"widget\" data-widget_type=\"text-editor.default\">\n\t\t\t\t<div class=\"elementor-widget-container\">\n\t\t\t\t\t\t\t\t\t<p>Restauration des inscriptions par application d\u00e9licate (peinture ou feuille d\u2019or) afin de redonner lisibilit\u00e9 et \u00e9l\u00e9gance aux gravures.<\/p>\t\t\t\t\t\t\t\t<\/div>\n\t\t\t\t<\/div>\n\t\t\t\t<\/div>\n\t\t<div class=\"elementor-element elementor-element-8303575 e-con-full e-flex e-con e-child\" data-id=\"8303575\" data-element_type=\"container\" data-e-type=\"container\">\n\t\t\t\t<div class=\"elementor-element elementor-element-68e6294 elementor-widget elementor-widget-image\" data-id=\"68e6294\" data-element_type=\"widget\" data-e-type=\"widget\" data-widget_type=\"image.default\">\n\t\t\t\t<div class=\"elementor-widget-container\">\n\t\t\t\t\t\t\t\t\t\t\t\t\t\t\t<img loading=\"lazy\" decoding=\"async\" width=\"1024\" height=\"1024\" src=\"https:\/\/bonjour-mamie.fr\/wp-content\/uploads\/2026\/05\/ChatGPT-Image-May-1-2026-at-02_03_00-PM-1024x1024.png\" class=\"attachment-large size-large wp-image-1717\" alt=\"\" srcset=\"https:\/\/bonjour-mamie.fr\/wp-content\/uploads\/2026\/05\/ChatGPT-Image-May-1-2026-at-02_03_00-PM-1024x1024.png 1024w, https:\/\/bonjour-mamie.fr\/wp-content\/uploads\/2026\/05\/ChatGPT-Image-May-1-2026-at-02_03_00-PM-300x300.png 300w, https:\/\/bonjour-mamie.fr\/wp-content\/uploads\/2026\/05\/ChatGPT-Image-May-1-2026-at-02_03_00-PM-150x150.png 150w, https:\/\/bonjour-mamie.fr\/wp-content\/uploads\/2026\/05\/ChatGPT-Image-May-1-2026-at-02_03_00-PM-768x768.png 768w, https:\/\/bonjour-mamie.fr\/wp-content\/uploads\/2026\/05\/ChatGPT-Image-May-1-2026-at-02_03_00-PM.png 1254w\" sizes=\"(max-width: 1024px) 100vw, 1024px\" \/>\t\t\t\t\t\t\t\t\t\t\t\t\t\t\t<\/div>\n\t\t\t\t<\/div>\n\t\t\t\t<\/div>\n\t\t\t\t<\/div>\n\t\t<div class=\"elementor-element elementor-element-33a702a6 e-con-full e-flex e-con e-parent\" data-id=\"33a702a6\" data-element_type=\"container\" data-e-type=\"container\">\n\t\t\t\t<div class=\"elementor-element elementor-element-6054cc3e elementor-widget elementor-widget-heading\" data-id=\"6054cc3e\" data-element_type=\"widget\" data-e-type=\"widget\" data-widget_type=\"heading.default\">\n\t\t\t\t<div class=\"elementor-widget-container\">\n\t\t\t\t\t<h3 class=\"elementor-heading-title elementor-size-default\">FAQ<\/h3>\t\t\t\t<\/div>\n\t\t\t\t<\/div>\n\t\t<div class=\"elementor-element elementor-element-3bd1ca19 e-con-full e-flex e-con e-child\" data-id=\"3bd1ca19\" data-element_type=\"container\" data-e-type=\"container\">\n\t\t\t\t<div class=\"elementor-element elementor-element-562357f3 elementor-widget__width-inherit elementor-widget elementor-widget-toggle\" data-id=\"562357f3\" data-element_type=\"widget\" data-e-type=\"widget\" data-widget_type=\"toggle.default\">\n\t\t\t\t<div class=\"elementor-widget-container\">\n\t\t\t\t\t\t\t<div class=\"elementor-toggle\">\n\t\t\t\t\t\t\t<div class=\"elementor-toggle-item\">\n\t\t\t\t\t<h4 id=\"elementor-tab-title-1441\" class=\"elementor-tab-title\" data-tab=\"1\" role=\"button\" aria-controls=\"elementor-tab-content-1441\" aria-expanded=\"false\">\n\t\t\t\t\t\t\t\t\t\t\t\t<a class=\"elementor-toggle-title\" tabindex=\"0\">A frequently asked question surrounding your service<\/a>\n\t\t\t\t\t<\/h4>\n\n\t\t\t\t\t<div id=\"elementor-tab-content-1441\" class=\"elementor-tab-content elementor-clearfix\" data-tab=\"1\" role=\"region\" aria-labelledby=\"elementor-tab-title-1441\">A detailed answer to provide information about your business, build trust with potential clients, and help convince the visitor that you are a good fit for them.<\/div>\n\t\t\t\t<\/div>\n\t\t\t\t\t\t\t<div class=\"elementor-toggle-item\">\n\t\t\t\t\t<h4 id=\"elementor-tab-title-1442\" class=\"elementor-tab-title\" data-tab=\"2\" role=\"button\" aria-controls=\"elementor-tab-content-1442\" aria-expanded=\"false\">\n\t\t\t\t\t\t\t\t\t\t\t\t<a class=\"elementor-toggle-title\" tabindex=\"0\">A frequently asked question surrounding your service<\/a>\n\t\t\t\t\t<\/h4>\n\n\t\t\t\t\t<div id=\"elementor-tab-content-1442\" class=\"elementor-tab-content elementor-clearfix\" data-tab=\"2\" role=\"region\" aria-labelledby=\"elementor-tab-title-1442\">A detailed answer to provide information about your business, build trust with potential clients, and help convince the visitor that you are a good fit for them.<\/div>\n\t\t\t\t<\/div>\n\t\t\t\t\t\t\t<div class=\"elementor-toggle-item\">\n\t\t\t\t\t<h4 id=\"elementor-tab-title-1443\" class=\"elementor-tab-title\" data-tab=\"3\" role=\"button\" aria-controls=\"elementor-tab-content-1443\" aria-expanded=\"false\">\n\t\t\t\t\t\t\t\t\t\t\t\t<a class=\"elementor-toggle-title\" tabindex=\"0\">A frequently asked question surrounding your service<\/a>\n\t\t\t\t\t<\/h4>\n\n\t\t\t\t\t<div id=\"elementor-tab-content-1443\" class=\"elementor-tab-content elementor-clearfix\" data-tab=\"3\" role=\"region\" aria-labelledby=\"elementor-tab-title-1443\">A detailed answer to provide information about your business, build trust with potential clients, and help convince the visitor that you are a good fit for them.<\/div>\n\t\t\t\t<\/div>\n\t\t\t\t\t\t\t<div class=\"elementor-toggle-item\">\n\t\t\t\t\t<h4 id=\"elementor-tab-title-1444\" class=\"elementor-tab-title\" data-tab=\"4\" role=\"button\" aria-controls=\"elementor-tab-content-1444\" aria-expanded=\"false\">\n\t\t\t\t\t\t\t\t\t\t\t\t<a class=\"elementor-toggle-title\" tabindex=\"0\">A frequently asked question surrounding your service<\/a>\n\t\t\t\t\t<\/h4>\n\n\t\t\t\t\t<div id=\"elementor-tab-content-1444\" class=\"elementor-tab-content elementor-clearfix\" data-tab=\"4\" role=\"region\" aria-labelledby=\"elementor-tab-title-1444\">A detailed answer to provide information about your business, build trust with potential clients, and help convince the visitor that you are a good fit for them.<\/div>\n\t\t\t\t<\/div>\n\t\t\t\t\t\t\t\t<\/div>\n\t\t\t\t\t\t<\/div>\n\t\t\t\t<\/div>\n\t\t\t\t<div class=\"elementor-element elementor-element-1d347067 elementor-widget__width-inherit elementor-widget elementor-widget-toggle\" data-id=\"1d347067\" data-element_type=\"widget\" data-e-type=\"widget\" data-widget_type=\"toggle.default\">\n\t\t\t\t<div class=\"elementor-widget-container\">\n\t\t\t\t\t\t\t<div class=\"elementor-toggle\">\n\t\t\t\t\t\t\t<div class=\"elementor-toggle-item\">\n\t\t\t\t\t<h4 id=\"elementor-tab-title-4891\" class=\"elementor-tab-title\" data-tab=\"1\" role=\"button\" aria-controls=\"elementor-tab-content-4891\" aria-expanded=\"false\">\n\t\t\t\t\t\t\t\t\t\t\t\t<a class=\"elementor-toggle-title\" tabindex=\"0\">A frequently asked question surrounding your service<\/a>\n\t\t\t\t\t<\/h4>\n\n\t\t\t\t\t<div id=\"elementor-tab-content-4891\" class=\"elementor-tab-content elementor-clearfix\" data-tab=\"1\" role=\"region\" aria-labelledby=\"elementor-tab-title-4891\">A detailed answer to provide information about your business, build trust with potential clients, and help convince the visitor that you are a good fit for them.<\/div>\n\t\t\t\t<\/div>\n\t\t\t\t\t\t\t<div class=\"elementor-toggle-item\">\n\t\t\t\t\t<h4 id=\"elementor-tab-title-4892\" class=\"elementor-tab-title\" data-tab=\"2\" role=\"button\" aria-controls=\"elementor-tab-content-4892\" aria-expanded=\"false\">\n\t\t\t\t\t\t\t\t\t\t\t\t<a class=\"elementor-toggle-title\" tabindex=\"0\">A frequently asked question surrounding your service<\/a>\n\t\t\t\t\t<\/h4>\n\n\t\t\t\t\t<div id=\"elementor-tab-content-4892\" class=\"elementor-tab-content elementor-clearfix\" data-tab=\"2\" role=\"region\" aria-labelledby=\"elementor-tab-title-4892\">A detailed answer to provide information about your business, build trust with potential clients, and help convince the visitor that you are a good fit for them.<\/div>\n\t\t\t\t<\/div>\n\t\t\t\t\t\t\t<div class=\"elementor-toggle-item\">\n\t\t\t\t\t<h4 id=\"elementor-tab-title-4893\" class=\"elementor-tab-title\" data-tab=\"3\" role=\"button\" aria-controls=\"elementor-tab-content-4893\" aria-expanded=\"false\">\n\t\t\t\t\t\t\t\t\t\t\t\t<a class=\"elementor-toggle-title\" tabindex=\"0\">A frequently asked question surrounding your service<\/a>\n\t\t\t\t\t<\/h4>\n\n\t\t\t\t\t<div id=\"elementor-tab-content-4893\" class=\"elementor-tab-content elementor-clearfix\" data-tab=\"3\" role=\"region\" aria-labelledby=\"elementor-tab-title-4893\">A detailed answer to provide information about your business, build trust with potential clients, and help convince the visitor that you are a good fit for them.<\/div>\n\t\t\t\t<\/div>\n\t\t\t\t\t\t\t<div class=\"elementor-toggle-item\">\n\t\t\t\t\t<h4 id=\"elementor-tab-title-4894\" class=\"elementor-tab-title\" data-tab=\"4\" role=\"button\" aria-controls=\"elementor-tab-content-4894\" aria-expanded=\"false\">\n\t\t\t\t\t\t\t\t\t\t\t\t<a class=\"elementor-toggle-title\" tabindex=\"0\">A frequently asked question surrounding your service<\/a>\n\t\t\t\t\t<\/h4>\n\n\t\t\t\t\t<div id=\"elementor-tab-content-4894\" class=\"elementor-tab-content elementor-clearfix\" data-tab=\"4\" role=\"region\" aria-labelledby=\"elementor-tab-title-4894\"><p>A detailed answer to provide information about your business, build trust with potential clients, and help convince the visitor that you are a good fit for them.<\/p><\/div>\n\t\t\t\t<\/div>\n\t\t\t\t\t\t\t\t<\/div>\n\t\t\t\t\t\t<\/div>\n\t\t\t\t<\/div>\n\t\t\t\t<\/div>\n\t\t\t\t<\/div>\n\t\t\t\t<\/div>\n\t\t","protected":false},"excerpt":{"rendered":"<p>Nos services Des prestations r\u00e9alis\u00e9es avec soin pour entretenir et pr\u00e9server les s\u00e9pultures dans le respect et la discr\u00e9tion. Nettoyage Nettoyage complet de la s\u00e9pulture : pierre, plaque et ornements, afin de redonner propret\u00e9 et \u00e9clat tout en respectant les mat\u00e9riaux. D\u00e9sherbage Retrait soigneux des mauvaises herbes autour de la s\u00e9pulture pour pr\u00e9server un espace [&hellip;]<\/p>\n","protected":false},"author":1,"featured_media":0,"parent":0,"menu_order":0,"comment_status":"closed","ping_status":"closed","template":"","meta":{"site-sidebar-layout":"no-sidebar","site-content-layout":"page-builder","ast-site-content-layout":"full-width-container","site-content-style":"default","site-sidebar-style":"default","ast-global-header-display":"","ast-banner-title-visibility":"","ast-main-header-display":"","ast-hfb-above-header-display":"","ast-hfb-below-header-display":"","ast-hfb-mobile-header-display":"","site-post-title":"disabled","ast-breadcrumbs-content":"","ast-featured-img":"disabled","footer-sml-layout":"","ast-disable-related-posts":"","theme-transparent-header-meta":"","adv-header-id-meta":"","stick-header-meta":"","header-above-stick-meta":"","header-main-stick-meta":"","header-below-stick-meta":"","astra-migrate-meta-layouts":"set","ast-page-background-enabled":"default","ast-page-background-meta":{"desktop":{"background-color":"","background-image":"","background-repeat":"repeat","background-position":"center center","background-size":"auto","background-attachment":"scroll","background-type":"","background-media":"","overlay-type":"","overlay-color":"","overlay-opacity":"","overlay-gradient":""},"tablet":{"background-color":"","background-image":"","background-repeat":"repeat","background-position":"center center","background-size":"auto","background-attachment":"scroll","background-type":"","background-media":"","overlay-type":"","overlay-color":"","overlay-opacity":"","overlay-gradient":""},"mobile":{"background-color":"","background-image":"","background-repeat":"repeat","background-position":"center center","background-size":"auto","background-attachment":"scroll","background-type":"","background-media":"","overlay-type":"","overlay-color":"","overlay-opacity":"","overlay-gradient":""}},"ast-content-background-meta":{"desktop":{"background-color":"var(--ast-global-color-5)","background-image":"","background-repeat":"repeat","background-position":"center center","background-size":"auto","background-attachment":"scroll","background-type":"","background-media":"","overlay-type":"","overlay-color":"","overlay-opacity":"","overlay-gradient":""},"tablet":{"background-color":"var(--ast-global-color-5)","background-image":"","background-repeat":"repeat","background-position":"center center","background-size":"auto","background-attachment":"scroll","background-type":"","background-media":"","overlay-type":"","overlay-color":"","overlay-opacity":"","overlay-gradient":""},"mobile":{"background-color":"var(--ast-global-color-5)","background-image":"","background-repeat":"repeat","background-position":"center center","background-size":"auto","background-attachment":"scroll","background-type":"","background-media":"","overlay-type":"","overlay-color":"","overlay-opacity":"","overlay-gradient":""}},"footnotes":""},"class_list":["post-1792","page","type-page","status-publish","hentry"],"_links":{"self":[{"href":"https:\/\/bonjour-mamie.fr\/index.php?rest_route=\/wp\/v2\/pages\/1792","targetHints":{"allow":["GET"]}}],"collection":[{"href":"https:\/\/bonjour-mamie.fr\/index.php?rest_route=\/wp\/v2\/pages"}],"about":[{"href":"https:\/\/bonjour-mamie.fr\/index.php?rest_route=\/wp\/v2\/types\/page"}],"author":[{"embeddable":true,"href":"https:\/\/bonjour-mamie.fr\/index.php?rest_route=\/wp\/v2\/users\/1"}],"replies":[{"embeddable":true,"href":"https:\/\/bonjour-mamie.fr\/index.php?rest_route=%2Fwp%2Fv2%2Fcomments&post=1792"}],"version-history":[{"count":7,"href":"https:\/\/bonjour-mamie.fr\/index.php?rest_route=\/wp\/v2\/pages\/1792\/revisions"}],"predecessor-version":[{"id":1802,"href":"https:\/\/bonjour-mamie.fr\/index.php?rest_route=\/wp\/v2\/pages\/1792\/revisions\/1802"}],"wp:attachment":[{"href":"https:\/\/bonjour-mamie.fr\/index.php?rest_route=%2Fwp%2Fv2%2Fmedia&parent=1792"}],"curies":[{"name":"wp","href":"https:\/\/api.w.org\/{rel}","templated":true}]}}